{"id":2563,"date":"2026-03-30T15:20:21","date_gmt":"2026-03-30T19:20:21","guid":{"rendered":"https:\/\/zoo.turbuweb.com\/fondation-ccbb-zoo\/"},"modified":"2026-03-31T11:14:11","modified_gmt":"2026-03-31T15:14:11","slug":"fondation-ccbb-zoo","status":"publish","type":"page","link":"https:\/\/zoo.turbuweb.com\/en\/fondation-ccbb-zoo\/","title":{"rendered":"EN &#8211; Fondation du CCBB"},"content":{"rendered":"<section\n    id=\"entetedepage_1\"\n    class=\"acf-en-tete-de-page alignwide eta-accueil relative w-full overflow-hidden bg-beigeJaune\"\n    style=\"min-height: 100vh\"\n     data-eta-scroll     >\n\n    \n    <div class=\"eta-background eta-background-desktop absolute inset-0 w-full h-full hidden md:block\"\n                data-radius-vh=\"75vh\"\n    >\n\n        <svg style=\"position:absolute;width:0;height:0\" aria-hidden=\"true\" focusable=\"false\">\n            <defs>\n                <clipPath id=\"eta-clip-desktop\" clipPathUnits=\"userSpaceOnUse\">\n                    <path id=\"eta-clip-desktop-path\" d=\"\" \/>\n                <\/clipPath>\n            <\/defs>\n        <\/svg>\n\n        \n            \n            \n            \n            \n        \n    <\/div>\n\n    \n    <div class=\"eta-background-mobile absolute inset-0 w-full h-full md:hidden\"\n            >\n        \n            \n        \n        <svg class=\"eta-clip-mobile\" aria-hidden=\"true\" focusable=\"false\">\n            <defs>\n                <clipPath id=\"eta-clip-mobile\" clipPathUnits=\"userSpaceOnUse\">\n                    <path id=\"eta-clip-mobile-path\" d=\"\" \/>\n                <\/clipPath>\n            <\/defs>\n        <\/svg>\n    <\/div>\n\n    \n    <div class=\"eta-content absolute top-[6vh] lg:top-[4vh] left-0 right-0 z-10 w-full\">\n        <div class=\"container mx-auto px-5 py-16 md:py-24\n            \n            text-center\n            \n        \">\n\n            \n                            <h1 class=\"titre !text-[55px] !leading-[50px] md:!text-[100px] md:!leading-[90px] lg:!text-[140px] lg:!leading-[120px] font-grotesk text-[#F6700A] mb-4\">\n                    La Fondation\n                <\/h1>\n            \n            \n            \n            \n            \n        <\/div>\n    <\/div>\n\n    \n        <div class=\"absolute bottom-[5vh] left-1\/2 -translate-x-1\/2 z-10 eta-scroll-arrow\">\n        <svg width=\"54\" height=\"54\" viewBox=\"0 0 24 24\" fill=\"none\" xmlns=\"http:\/\/www.w3.org\/2000\/svg\">\n            <path d=\"M12 5L12 19M12 19L5 12M12 19L19 12\" stroke=\"#F6700A\" stroke-width=\"2\" stroke-linecap=\"round\" stroke-linejoin=\"round\"\/>\n        <\/svg>\n    <\/div>\n    \n<\/section>\n\n\n\n\n<section class=\"acf-image-gauche-droite alignwide bloc-image-gauche-droite relative   \" id=\"\">\n\n        \n    <div class=\"overflow-hidden relative bloc-pt bloc-pb flex flex-col md:flex-row bg-blanc\">\n\n        \n        \n                \n        <div class=\"w-full md:w-[50%] overflow-hidden text-center  relative\">\n            <div class=\"swiper image-gauche-droite w-full h-full bg-blanc\">\n                <div class=\"swiper-wrapper\">\n                                    <\/div>\n\n                \n                            <\/div>\n        <\/div>\n        \n        \n        <div class=\"content_container w-full md:w-[50%] bg-blanc relative\">\n\n            \n            <div class=\"px-5 !pl-5 lg:!pl-10 gutter-right relative flex md:items-center h-full py-16\">\n\n                <div class=\"w-full\">\n\n                    \n                    \n                                        <h2 class=\"titre !font-grotesk-compressed text-fauxnoir\n                    text-left  \n                    md:text-left  \">\n                        La Fondation du Centre de Conservation de la Biodiversit\u00e9 Bor\u00e9ale\n                    <\/h2>\n                    \n                    \n                                                            <div class=\"texte text-fauxnoir\n                    text-left  \n                    md:text-left  \">\n                        <p>La Fondation du Centre de conservation de la biodiversit\u00e9 bor\u00e9ale (CCBB) est une soci\u00e9t\u00e9 \u00e0 but non lucratif qui a comme objectif de supporter financi\u00e8rement les activit\u00e9s et projets du Zoo sauvage de St-F\u00e9licien.<\/p>\n<p>L\u2019esprit de d\u00e9passement et l\u2019avant-gardisme des membres b\u00e9n\u00e9voles de la Fondation permettent la r\u00e9alisation d\u2019activit\u00e9s, de d\u00e9couvertes et d\u2019exp\u00e9riences qui ne se retrouvent nulle part ailleurs. Aidez-nous \u00e0 continuer d\u2019innover et d\u2019enseigner les secrets du milieu bor\u00e9al \u00e0 des milliers de personnes. Joignez-vous \u00e0 notre \u00e9quipe afin de nous aider \u00e0 mieux faire conna\u00eetre et prot\u00e9ger la merveilleuse nature qui nous entoure.<\/p>\n\n                    <\/div>\n                    \n                    \n                <\/div>\n            <\/div>\n        <\/div>\n    <\/div>\n    \n<\/section>\n\n\n<section id=\"articlesvedettes_1\" class=\"bg-blanc bloc-pt bloc-pb\">\n    <div class=\"md:container md:mx-auto px-4\">\n        \n                    <h2 class=\"titre text-fauxnoir text-left md:text-left\">\n                Les retomb\u00e9es\n            <\/h2>\n        \n        \n        \n                    \n                            \n                <div class=\"grid gap-y-[63px] gap-x-[35px] sm:grid-cols-2 lg:grid-cols-3\">\n                                                                    <article class=\"post-card  bg-clair100 flex flex-col border-b border-black cursor-pointer\">\n\n  <a href=\"https:\/\/zoo.turbuweb.com\/en\/blogue\/conservation-partenariat-avec-une-ecole-de-la-region\/\" class=\"group block\" aria-label=\"Conservation : partenariat avec une \u00e9cole de la r\u00e9gion\">\n    <div class=\"overflow-hidden rounded-[10px]\">\n            <div class=\"w-full aspect-[19\/11] bg-[#F6700A] transition-transform duration-300 group-hover:scale-105\"><\/div>\n          <\/div>\n\n    <div class=\"flex flex-col flex-grow\">\n\n            <span class=\"text-[16px] font-semibold font-work-sans text-sombre mt-[12px]\">\n        \u00c9ducation\n      <\/span>\n      \n      <h2 class=\"text-[25px] font-semibold font-work-sans tracking-[-0.02em] pt-[30px] pb-[10px] mb-[8px]\">Conservation : partenariat avec une \u00e9cole de la r\u00e9gion<\/h2>\n\n      <div class=\"mt-[24px] mb-[15px] flex justify-end\">\n        <img decoding=\"async\" src=\"https:\/\/zoo.turbuweb.com\/app\/themes\/turbutheme\/public\/images\/blogue-card-arrow.svg\" alt=\"\" class=\"w-[20px] h-auto transition-transform duration-300 group-hover:-rotate-45\">\n      <\/div>\n    <\/div>\n  <\/a>\n<\/article>                                                                    <article class=\"post-card  bg-clair100 flex flex-col border-b border-black cursor-pointer\">\n\n  <a href=\"https:\/\/zoo.turbuweb.com\/en\/blogue\/nouvelles-du-parc-arrivee-de-deux-harfangs-des-neiges\/\" class=\"group block\" aria-label=\"Nouvelles du parc : arriv\u00e9e de deux harfangs des neiges\">\n    <div class=\"overflow-hidden rounded-[10px]\">\n            <div class=\"w-full aspect-[19\/11] bg-[#F6700A] transition-transform duration-300 group-hover:scale-105\"><\/div>\n          <\/div>\n\n    <div class=\"flex flex-col flex-grow\">\n\n            <span class=\"text-[16px] font-semibold font-work-sans text-sombre mt-[12px]\">\n        \u00c9ducation\n      <\/span>\n      \n      <h2 class=\"text-[25px] font-semibold font-work-sans tracking-[-0.02em] pt-[30px] pb-[10px] mb-[8px]\">Nouvelles du parc : arriv\u00e9e de deux harfangs des neiges<\/h2>\n\n      <div class=\"mt-[24px] mb-[15px] flex justify-end\">\n        <img decoding=\"async\" src=\"https:\/\/zoo.turbuweb.com\/app\/themes\/turbutheme\/public\/images\/blogue-card-arrow.svg\" alt=\"\" class=\"w-[20px] h-auto transition-transform duration-300 group-hover:-rotate-45\">\n      <\/div>\n    <\/div>\n  <\/a>\n<\/article>                                                                    <article class=\"post-card  bg-clair100 flex flex-col border-b border-black cursor-pointer\">\n\n  <a href=\"https:\/\/zoo.turbuweb.com\/en\/blogue\/education-comment-reduire-notre-empreinte-sur-la-nature\/\" class=\"group block\" aria-label=\"\u00c9ducation : comment r\u00e9duire notre empreinte sur la nature\">\n    <div class=\"overflow-hidden rounded-[10px]\">\n            <div class=\"w-full aspect-[19\/11] bg-[#F6700A] transition-transform duration-300 group-hover:scale-105\"><\/div>\n          <\/div>\n\n    <div class=\"flex flex-col flex-grow\">\n\n            <span class=\"text-[16px] font-semibold font-work-sans text-sombre mt-[12px]\">\n        Conservation\n      <\/span>\n      \n      <h2 class=\"text-[25px] font-semibold font-work-sans tracking-[-0.02em] pt-[30px] pb-[10px] mb-[8px]\">\u00c9ducation : comment r\u00e9duire notre empreinte sur la nature<\/h2>\n\n      <div class=\"mt-[24px] mb-[15px] flex justify-end\">\n        <img decoding=\"async\" src=\"https:\/\/zoo.turbuweb.com\/app\/themes\/turbutheme\/public\/images\/blogue-card-arrow.svg\" alt=\"\" class=\"w-[20px] h-auto transition-transform duration-300 group-hover:-rotate-45\">\n      <\/div>\n    <\/div>\n  <\/a>\n<\/article>                                                        <\/div>\n\n                \n                                        <\/div>\n<\/section>\n\n\n<div\n    class=\"bloc-defilement bg-blanc acf-defilement alignwide pt-[40px] pb-[40px] overflow-hidden\"\n    id=\"\"\n    data-defilement\n>\n    \n    <div class=\"defilement-bande flex items-center gap-[42px] whitespace-nowrap will-change-transform\">\n                                    <span class=\"shrink-0 text-[11.5vw] font-grotesk-compressed uppercase leading-none\">\n                    FAIRE UN DON\n                <\/span>\n                                                <span class=\"shrink-0 text-[11.5vw] font-grotesk-compressed uppercase leading-none\">\n                    FAIRE UN DON\n                <\/span>\n                                                <span class=\"shrink-0 text-[11.5vw] font-grotesk-compressed uppercase leading-none\">\n                    FAIRE UN DON\n                <\/span>\n                                                <span class=\"shrink-0 text-[11.5vw] font-grotesk-compressed uppercase leading-none\">\n                    FAIRE UN DON\n                <\/span>\n                                                <span class=\"shrink-0 text-[11.5vw] font-grotesk-compressed uppercase leading-none\">\n                    FAIRE UN DON\n                <\/span>\n                                                <span class=\"shrink-0 text-[11.5vw] font-grotesk-compressed uppercase leading-none\">\n                    FAIRE UN DON\n                <\/span>\n                                                <span class=\"shrink-0 text-[11.5vw] font-grotesk-compressed uppercase leading-none\">\n                    FAIRE UN DON\n                <\/span>\n                                                <span class=\"shrink-0 text-[11.5vw] font-grotesk-compressed uppercase leading-none\">\n                    FAIRE UN DON\n                <\/span>\n                                                <span class=\"shrink-0 text-[11.5vw] font-grotesk-compressed uppercase leading-none\">\n                    FAIRE UN DON\n                <\/span>\n                                                <span class=\"shrink-0 text-[11.5vw] font-grotesk-compressed uppercase leading-none\">\n                    FAIRE UN DON\n                <\/span>\n                        <\/div>\n<\/div>\n\n\n<section class=\"acf-image-gauche-droite alignwide bloc-image-gauche-droite relative   \" id=\"\">\n\n        \n    <div class=\"overflow-hidden relative bloc-pt bloc-pb flex flex-col md:flex-row bg-blanc\">\n\n        \n        \n                \n        <div class=\"w-full md:w-[50%] overflow-hidden text-center  relative\">\n            <div class=\"swiper image-gauche-droite w-full h-full bg-blanc\">\n                <div class=\"swiper-wrapper\">\n                                    <\/div>\n\n                \n                            <\/div>\n        <\/div>\n        \n        \n        <div class=\"content_container w-full md:w-[50%] bg-blanc relative\">\n\n            \n            <div class=\"px-5 !pl-5 lg:!pl-10 gutter-right relative flex md:items-center h-full py-16\">\n\n                <div class=\"w-full\">\n\n                    \n                    \n                                        <h2 class=\"titre !font-grotesk-compressed text-fauxnoir\n                    text-left  \n                    md:text-left  \">\n                        Comment faire un don ?\n                    <\/h2>\n                    \n                    \n                                                            <div class=\"texte text-fauxnoir\n                    text-left  \n                    md:text-left  \">\n                        <p>&#8211; Par carte de cr\u00e9dit<br \/>\n&#8211; Par ch\u00e8que ou mandat-poste \u00e0 l\u2019ordre de la Fondation du Centre de conservation de la biodiversit\u00e9 bor\u00e9ale (CCBB)<br \/>\nNous remettons un re\u00e7u officiel pour tout don de 20 $ et plus.<\/p>\n\n                    <\/div>\n                    \n                    \n                <\/div>\n            <\/div>\n        <\/div>\n    <\/div>\n    \n<\/section>\n\n\n<div class=\"bloc-multi-colonnes bg-blanc acf-multi-colonnes alignwide bloc-pt bloc-pb relative overflow-hidden\" id=\"\">\n\n    \n    \n    \n    \n    <div class=\"mx-auto px-5 relative md:container\">\n\n        \n                <h2 class=\"titre\n        text-left  \n        md:text-left   text-fauxnoir\">\n            Pour nous rejoindre\n        <\/h2>\n        \n        \n                <div class=\"texte\n        text-left  \n        md:text-left   text-fauxnoir\">\n            <p>Fondation du Centre de conservation de la biodiversit\u00e9 bor\u00e9ale (CCBB)<br \/>\n2230, boulevard du Jardin, C.P. 90,<br \/>\nSaint-F\u00e9licien (Qu\u00e9bec), Canada G8K 2P8<br \/>\nfondation@zoosauvage.org<\/p>\n\n        <\/div>\n        \n        <!-- md:grid-cols-1 md:grid-cols-2 md:grid-cols-3 md:grid-cols-4 md:grid-cols-5 md:grid-cols-6   -->\n\n        \n\n                <div class=\"ctas flex flex-col gap-4 justify-start items-start mt-10\">\n\n                                    \n        <\/div>\n        \n    <\/div>\n\n\n    \n<\/div>\n","protected":false},"excerpt":{"rendered":"","protected":false},"author":1,"featured_media":0,"parent":0,"menu_order":0,"comment_status":"closed","ping_status":"closed","template":"","meta":{"_acf_changed":false,"footnotes":""},"class_list":["post-2563","page","type-page","status-publish","hentry"],"acf":[],"yoast_head":"<!-- This site is optimized with the Yoast SEO plugin v26.9 - https:\/\/yoast.com\/product\/yoast-seo-wordpress\/ -->\n<title>EN - Fondation du CCBB - Zoo sauvage de Saint-F\u00e9licien : Le parc animalier du Qu\u00e9bec<\/title>\n<meta name=\"robots\" content=\"noindex, follow, max-snippet:-1, max-image-preview:large, max-video-preview:-1\" \/>\n<meta property=\"og:locale\" content=\"en_US\" \/>\n<meta property=\"og:type\" content=\"article\" \/>\n<meta property=\"og:title\" content=\"EN - Fondation du CCBB - Zoo sauvage de Saint-F\u00e9licien : Le parc animalier du Qu\u00e9bec\" \/>\n<meta property=\"og:url\" content=\"https:\/\/zoo.turbuweb.com\/en\/fondation-ccbb-zoo\/\" \/>\n<meta property=\"og:site_name\" content=\"Zoo sauvage de Saint-F\u00e9licien : Le parc animalier du Qu\u00e9bec\" \/>\n<meta property=\"article:modified_time\" content=\"2026-03-31T15:14:11+00:00\" \/>\n<meta name=\"twitter:card\" content=\"summary_large_image\" \/>\n<script type=\"application\/ld+json\" class=\"yoast-schema-graph\">{\"@context\":\"https:\/\/schema.org\",\"@graph\":[{\"@type\":\"WebPage\",\"@id\":\"https:\/\/zoo.turbuweb.com\/en\/fondation-ccbb-zoo\/\",\"url\":\"https:\/\/zoo.turbuweb.com\/en\/fondation-ccbb-zoo\/\",\"name\":\"EN - Fondation du CCBB - Zoo sauvage de Saint-F\u00e9licien : Le parc animalier du Qu\u00e9bec\",\"isPartOf\":{\"@id\":\"https:\/\/zoo.turbuweb.com\/en\/#website\"},\"datePublished\":\"2026-03-30T19:20:21+00:00\",\"dateModified\":\"2026-03-31T15:14:11+00:00\",\"breadcrumb\":{\"@id\":\"https:\/\/zoo.turbuweb.com\/en\/fondation-ccbb-zoo\/#breadcrumb\"},\"inLanguage\":\"en-US\",\"potentialAction\":[{\"@type\":\"ReadAction\",\"target\":[\"https:\/\/zoo.turbuweb.com\/en\/fondation-ccbb-zoo\/\"]}]},{\"@type\":\"BreadcrumbList\",\"@id\":\"https:\/\/zoo.turbuweb.com\/en\/fondation-ccbb-zoo\/#breadcrumb\",\"itemListElement\":[{\"@type\":\"ListItem\",\"position\":1,\"name\":\"Home\",\"item\":\"https:\/\/zoo.turbuweb.com\/en\/\"},{\"@type\":\"ListItem\",\"position\":2,\"name\":\"EN &#8211; Fondation du CCBB\"}]},{\"@type\":\"WebSite\",\"@id\":\"https:\/\/zoo.turbuweb.com\/en\/#website\",\"url\":\"https:\/\/zoo.turbuweb.com\/en\/\",\"name\":\"Zoo sauvage de Saint-F\u00e9licien : Le parc animalier du Qu\u00e9bec\",\"description\":\"\",\"potentialAction\":[{\"@type\":\"SearchAction\",\"target\":{\"@type\":\"EntryPoint\",\"urlTemplate\":\"https:\/\/zoo.turbuweb.com\/en\/?s={search_term_string}\"},\"query-input\":{\"@type\":\"PropertyValueSpecification\",\"valueRequired\":true,\"valueName\":\"search_term_string\"}}],\"inLanguage\":\"en-US\"}]}<\/script>\n<!-- \/ Yoast SEO plugin. -->","yoast_head_json":{"title":"EN - Fondation du CCBB - Zoo sauvage de Saint-F\u00e9licien : Le parc animalier du Qu\u00e9bec","robots":{"index":"noindex","follow":"follow","max-snippet":"max-snippet:-1","max-image-preview":"max-image-preview:large","max-video-preview":"max-video-preview:-1"},"og_locale":"en_US","og_type":"article","og_title":"EN - Fondation du CCBB - Zoo sauvage de Saint-F\u00e9licien : Le parc animalier du Qu\u00e9bec","og_url":"https:\/\/zoo.turbuweb.com\/en\/fondation-ccbb-zoo\/","og_site_name":"Zoo sauvage de Saint-F\u00e9licien : Le parc animalier du Qu\u00e9bec","article_modified_time":"2026-03-31T15:14:11+00:00","twitter_card":"summary_large_image","schema":{"@context":"https:\/\/schema.org","@graph":[{"@type":"WebPage","@id":"https:\/\/zoo.turbuweb.com\/en\/fondation-ccbb-zoo\/","url":"https:\/\/zoo.turbuweb.com\/en\/fondation-ccbb-zoo\/","name":"EN - Fondation du CCBB - Zoo sauvage de Saint-F\u00e9licien : Le parc animalier du Qu\u00e9bec","isPartOf":{"@id":"https:\/\/zoo.turbuweb.com\/en\/#website"},"datePublished":"2026-03-30T19:20:21+00:00","dateModified":"2026-03-31T15:14:11+00:00","breadcrumb":{"@id":"https:\/\/zoo.turbuweb.com\/en\/fondation-ccbb-zoo\/#breadcrumb"},"inLanguage":"en-US","potentialAction":[{"@type":"ReadAction","target":["https:\/\/zoo.turbuweb.com\/en\/fondation-ccbb-zoo\/"]}]},{"@type":"BreadcrumbList","@id":"https:\/\/zoo.turbuweb.com\/en\/fondation-ccbb-zoo\/#breadcrumb","itemListElement":[{"@type":"ListItem","position":1,"name":"Home","item":"https:\/\/zoo.turbuweb.com\/en\/"},{"@type":"ListItem","position":2,"name":"EN &#8211; Fondation du CCBB"}]},{"@type":"WebSite","@id":"https:\/\/zoo.turbuweb.com\/en\/#website","url":"https:\/\/zoo.turbuweb.com\/en\/","name":"Zoo sauvage de Saint-F\u00e9licien : Le parc animalier du Qu\u00e9bec","description":"","potentialAction":[{"@type":"SearchAction","target":{"@type":"EntryPoint","urlTemplate":"https:\/\/zoo.turbuweb.com\/en\/?s={search_term_string}"},"query-input":{"@type":"PropertyValueSpecification","valueRequired":true,"valueName":"search_term_string"}}],"inLanguage":"en-US"}]}},"_links":{"self":[{"href":"https:\/\/zoo.turbuweb.com\/en\/wp-json\/wp\/v2\/pages\/2563","targetHints":{"allow":["GET"]}}],"collection":[{"href":"https:\/\/zoo.turbuweb.com\/en\/wp-json\/wp\/v2\/pages"}],"about":[{"href":"https:\/\/zoo.turbuweb.com\/en\/wp-json\/wp\/v2\/types\/page"}],"author":[{"embeddable":true,"href":"https:\/\/zoo.turbuweb.com\/en\/wp-json\/wp\/v2\/users\/1"}],"replies":[{"embeddable":true,"href":"https:\/\/zoo.turbuweb.com\/en\/wp-json\/wp\/v2\/comments?post=2563"}],"version-history":[{"count":13,"href":"https:\/\/zoo.turbuweb.com\/en\/wp-json\/wp\/v2\/pages\/2563\/revisions"}],"predecessor-version":[{"id":2676,"href":"https:\/\/zoo.turbuweb.com\/en\/wp-json\/wp\/v2\/pages\/2563\/revisions\/2676"}],"wp:attachment":[{"href":"https:\/\/zoo.turbuweb.com\/en\/wp-json\/wp\/v2\/media?parent=2563"}],"curies":[{"name":"wp","href":"https:\/\/api.w.org\/{rel}","templated":true}]}}