{"id":2426,"date":"2026-03-30T10:11:13","date_gmt":"2026-03-30T14:11:13","guid":{"rendered":"https:\/\/zoo.turbuweb.com\/a-propos\/"},"modified":"2026-03-30T13:32:19","modified_gmt":"2026-03-30T17:32:19","slug":"a-propos","status":"publish","type":"page","link":"https:\/\/zoo.turbuweb.com\/en\/a-propos\/","title":{"rendered":"EN &#8211; \u00c0 propos"},"content":{"rendered":"<section\n    id=\"entetedepage_1\"\n    class=\"acf-en-tete-de-page alignwide eta-accueil relative w-full overflow-hidden bg-beigeJaune\"\n    style=\"min-height: 100vh\"\n     data-eta-scroll     >\n\n    \n    <div class=\"eta-background eta-background-desktop absolute inset-0 w-full h-full hidden md:block\"\n                data-radius-vh=\"75vh\"\n    >\n\n        <svg style=\"position:absolute;width:0;height:0\" aria-hidden=\"true\" focusable=\"false\">\n            <defs>\n                <clipPath id=\"eta-clip-desktop\" clipPathUnits=\"userSpaceOnUse\">\n                    <path id=\"eta-clip-desktop-path\" d=\"\" \/>\n                <\/clipPath>\n            <\/defs>\n        <\/svg>\n\n        \n            \n                                                <img decoding=\"async\"\n                        src=\"https:\/\/zoo.turbuweb.com\/app\/uploads\/2026\/03\/image-ete.jpg\"\n                        alt=\"train en \u00e9t\u00e9 dans la nature\"\n                        class=\"absolute inset-0 w-full h-full object-cover hidden md:block\"\n                    \/>\n                            \n            \n                            <img decoding=\"async\"\n                    src=\"https:\/\/zoo.turbuweb.com\/app\/uploads\/2026\/03\/image-ete-zoo-st-felicien.jpg\"\n                    alt=\"\"\n                    class=\"absolute inset-0 w-full h-full object-cover md:hidden\"\n                \/>\n            \n        \n    <\/div>\n\n    \n    <div class=\"eta-background-mobile absolute inset-0 w-full h-full md:hidden\"\n            >\n        \n            \n                                                <img decoding=\"async\"\n                        src=\"https:\/\/zoo.turbuweb.com\/app\/uploads\/2026\/03\/image-ete-zoo-st-felicien.jpg\"\n                        alt=\"\"\n                        class=\"absolute inset-0 w-full h-full object-cover\"\n                    \/>\n                            \n        \n        <svg class=\"eta-clip-mobile\" aria-hidden=\"true\" focusable=\"false\">\n            <defs>\n                <clipPath id=\"eta-clip-mobile\" clipPathUnits=\"userSpaceOnUse\">\n                    <path id=\"eta-clip-mobile-path\" d=\"\" \/>\n                <\/clipPath>\n            <\/defs>\n        <\/svg>\n    <\/div>\n\n    \n    <div class=\"eta-content absolute top-[6vh] lg:top-[4vh] left-0 right-0 z-10 w-full\">\n        <div class=\"md:container md:mx-auto px-5 pt-0 pb-16 md:py-24\n            \n            text-center\n            \n        \">\n\n            \n                                            <h1 class=\"titre !text-[40px] !leading-[38px] pt-[151px] lg:pt-0 md:!text-[100px] md:!leading-[90px] lg:!text-[140px] lg:!leading-[120px] font-grotesk text-[#F6700A] mb-4\">\n                    Notre mission\n                <\/h1>\n            \n            \n                            <p class=\"sous-titre text-white !text-[28px] !leading-[28px] sm:!text-[36px] sm:!leading-[36px] mb-6\">\n                    Faire aimer la nature afin de la pr\u00e9server\n                <\/p>\n            \n            \n            \n        <\/div>\n    <\/div>\n\n    \n        <div class=\"absolute bottom-[5vh] left-1\/2 -translate-x-1\/2 z-10 eta-scroll-arrow\">\n        <svg width=\"54\" height=\"54\" viewBox=\"0 0 24 24\" fill=\"none\" xmlns=\"http:\/\/www.w3.org\/2000\/svg\">\n            <path d=\"M12 5L12 19M12 19L5 12M12 19L19 12\" stroke=\"#F6700A\" stroke-width=\"2\" stroke-linecap=\"round\" stroke-linejoin=\"round\"\/>\n        <\/svg>\n    <\/div>\n    \n<\/section>\n\n\n\n\n<div class=\"bloc-multi-colonnes bg-blanc acf-multi-colonnes alignwide bloc-pt bloc-pb relative overflow-hidden\" id=\"\">\n\n        <img decoding=\"async\" src=\"https:\/\/zoo.turbuweb.com\/app\/uploads\/2026\/03\/zoo-sauvage-st-felicien-facade-scaled.jpg\" alt=\"zoo sauvage st-felicien facade\" class=\"object-cover w-full h-full absolute inset-0\">\n    \n    \n    \n    \n    <div class=\"mx-auto px-5 relative md:container\">\n\n        \n                <h2 class=\"titre\n        text-left  \n        md:text-left   text-blanc\">\n            Nous visiter, c\u2019est contribuer au bien-\u00eatre et \u00e0 la conservation des esp\u00e8ces\n        <\/h2>\n        \n        \n                <div class=\"texte\n        text-left  \n        md:text-left   text-blanc\">\n            <p>Le Zoo sauvage de St-F\u00e9licien est une organisation \u00e0 but non lucratif g\u00e9r\u00e9e par un conseil d\u2019administration. Tous les profits amass\u00e9s sont r\u00e9investis dans des projets de recherche et de conservation des esp\u00e8ces et dans de nouveaux d\u00e9veloppements.<\/p>\n<p>Lorsque vous passez une journ\u00e9e au Zoo sauvage de St-F\u00e9licien, vous participez donc \u00e0 notre mission qui est de faire aimer la nature afin de la pr\u00e9server.<\/p>\n\n        <\/div>\n        \n        <!-- md:grid-cols-1 md:grid-cols-2 md:grid-cols-3 md:grid-cols-4 md:grid-cols-5 md:grid-cols-6   -->\n\n        \n\n        \n    <\/div>\n\n\n    \n<\/div>\n\n\n<div class=\"bloc-multi-colonnes bg-blanc acf-multi-colonnes alignwide bloc-pt bloc-pb relative overflow-hidden\" id=\"\">\n\n        <img decoding=\"async\" src=\"https:\/\/zoo.turbuweb.com\/app\/uploads\/2026\/03\/image-equipe-zoo-st-felicien-scaled.jpg\" alt=\"image equipe zoo st-felicien\" class=\"object-cover w-full h-full absolute inset-0\">\n    \n    \n    \n    \n    <div class=\"mx-auto px-5 relative md:container\">\n\n        \n                <h2 class=\"titre\n        text-left  \n        md:text-left   text-fauxnoir\">\n            \u00c9quipe de direction\n        <\/h2>\n        \n        \n        \n        <!-- md:grid-cols-1 md:grid-cols-2 md:grid-cols-3 md:grid-cols-4 md:grid-cols-5 md:grid-cols-6   -->\n\n                <div class=\"grid grid-cols-1 md:grid-cols-7 gap-4 gap-y-16 md:gap-16 mt-10\">\n\n                        <div class=\"colonne-item  flex flex-col items-center  rounded-lg\">\n\n                \n                \n                                <h2 class=\"titre-colonne-classique w-full flex justify-start text-left text-fauxnoir\">\n                    Louis Bouchard\n                <\/h2>\n                \n                                <h3 class=\"sous-titre w-full flex justify-start text-left text-fauxnoir\">\n                    Directeur g\u00e9n\u00e9ral\n                <\/h3>\n                \n                \n                            <\/div>\n                        <div class=\"colonne-item  flex flex-col items-center  rounded-lg\">\n\n                \n                \n                \n                                <h3 class=\"sous-titre w-full flex justify-start text-left text-fauxnoir\">\n                    Directeur finances et op\u00e9rations\n                <\/h3>\n                \n                \n                            <\/div>\n                        <div class=\"colonne-item  flex flex-col items-center  rounded-lg\">\n\n                \n                \n                                <h2 class=\"titre-colonne-classique w-full flex justify-start text-left text-fauxnoir\">\n                    Joanie Boudreault\n                <\/h2>\n                \n                                <h3 class=\"sous-titre w-full flex justify-start text-left text-fauxnoir\">\n                    Directrice g\u00e9n\u00e9rale adjointe , soins animaliers et op\u00e9rations\n                <\/h3>\n                \n                \n                            <\/div>\n                        <div class=\"colonne-item  flex flex-col items-center  rounded-lg\">\n\n                \n                \n                                <h2 class=\"titre-colonne-classique w-full flex justify-start text-left text-fauxnoir\">\n                    David Pag\u00e9\n                <\/h2>\n                \n                                <h3 class=\"sous-titre w-full flex justify-start text-left text-fauxnoir\">\n                    Directeur de la conservation et de l\u2019\u00e9ducation\n                <\/h3>\n                \n                \n                            <\/div>\n                        <div class=\"colonne-item  flex flex-col items-center  rounded-lg\">\n\n                \n                \n                                <h2 class=\"titre-colonne-classique w-full flex justify-start text-left text-fauxnoir\">\n                    Justin Jutras\n                <\/h2>\n                \n                                <h3 class=\"sous-titre w-full flex justify-start text-left text-fauxnoir\">\n                    Directeur de l\u2019entretien et construction\n                <\/h3>\n                \n                \n                            <\/div>\n                        <div class=\"colonne-item  flex flex-col items-center  rounded-lg\">\n\n                \n                \n                                <h2 class=\"titre-colonne-classique w-full flex justify-start text-left text-fauxnoir\">\n                    M\u00e9lanie M\u00e9nard\n                <\/h2>\n                \n                                <h3 class=\"sous-titre w-full flex justify-start text-left text-fauxnoir\">\n                    Directrice communications et marketing\n                <\/h3>\n                \n                \n                            <\/div>\n                        <div class=\"colonne-item  flex flex-col items-center  rounded-lg\">\n\n                \n                \n                                <h2 class=\"titre-colonne-classique w-full flex justify-start text-left text-fauxnoir\">\n                    Jo\u00ebl Phaneuf\n                <\/h2>\n                \n                                <h3 class=\"sous-titre w-full flex justify-start text-left text-fauxnoir\">\n                    Directeur \u00e9v\u00e9nements et service-client\n                <\/h3>\n                \n                \n                            <\/div>\n                    <\/div>\n        \n\n        \n    <\/div>\n\n\n    \n<\/div>\n\n\n<section class=\"acf-image-gauche-droite alignwide bloc-image-gauche-droite relative   \" id=\"\">\n\n        \n    <div class=\"overflow-hidden relative bloc-pt bloc-pb flex flex-col md:flex-row bg-blanc\">\n\n                <img decoding=\"async\" src=\"https:\/\/zoo.turbuweb.com\/app\/uploads\/2026\/03\/ours-polaire-sur-la-neige-scaled.jpg\" alt=\"Image principale\" class=\"absolute inset-0 h-full w-full object-cover\">\n        \n        \n        \n        <div class=\"content_container w-full   relative\">\n\n            \n                        <div class=\"md:container md:mx-auto px-5 md:px-0 relative flex md:items-center h-full py-16\">\n                <div class=\"w-full lg:w-[50%] \">\n            \n                    \n                    \n                                        <h2 class=\"titre !font-grotesk-compressed text-fauxnoir\n                    text-left  \n                    md:text-left  \">\n                        Le cr\u00e9neau\n                    <\/h2>\n                    \n                    \n                                                            <div class=\"texte text-fauxnoir\n                    text-left  \n                    md:text-left  \">\n                        <p>Le cr\u00e9neau du Zoo sauvage est d\u00e9limit\u00e9 par la Bor\u00e9alie, qui repr\u00e9sente le nord de la plan\u00e8te, et par les r\u00e9gions froides du globe, qu\u2019on retrouve au p\u00f4le sud et en altitude.<\/p>\n<p>Un cr\u00e9neau est une niche dans laquelle une organisation d\u00e9cide de se sp\u00e9cialiser. Afin de se d\u00e9marquer, et dans le cas du Zoo sauvage, de s\u2019arrimer avec le climat dans lequel vivent les animaux. La d\u00e9cision d\u2019avoir des animaux indig\u00e8nes et des animaux exotiques nordiques ou adapt\u00e9s au froid coulait donc de source.<\/p>\n<p>Pourquoi ? Parce que d\u2019apr\u00e8s nous, le bien-\u00eatre des animaux s\u2019en trouve accru. En vivant dans des conditions similaires \u00e0 ce qu\u2019ils retrouvent en nature, les animaux ne peuvent que mieux exprimer leurs comportements naturels. Et c\u2019est ce que le Zoo sauvage recherche.<\/p>\n\n                    <\/div>\n                    \n                    \n                <\/div>\n            <\/div>\n        <\/div>\n    <\/div>\n    \n<\/section>\n\n\n","protected":false},"excerpt":{"rendered":"","protected":false},"author":1,"featured_media":0,"parent":0,"menu_order":0,"comment_status":"closed","ping_status":"closed","template":"","meta":{"_acf_changed":false,"footnotes":""},"class_list":["post-2426","page","type-page","status-publish","hentry"],"acf":[],"yoast_head":"<!-- This site is optimized with the Yoast SEO plugin v26.9 - https:\/\/yoast.com\/product\/yoast-seo-wordpress\/ -->\n<title>\u00c0 propos | Zoo sauvage de Saint\u2011F\u00e9licien<\/title>\n<meta name=\"description\" content=\"D\u00e9couvrez l\u2019histoire, la mission et les valeurs du Zoo sauvage de Saint\u2011F\u00e9licien.\" \/>\n<meta name=\"robots\" content=\"noindex, follow, max-snippet:-1, max-image-preview:large, max-video-preview:-1\" \/>\n<meta property=\"og:locale\" content=\"en_US\" \/>\n<meta property=\"og:type\" content=\"article\" \/>\n<meta property=\"og:title\" content=\"\u00c0 propos | Zoo sauvage de Saint\u2011F\u00e9licien\" \/>\n<meta property=\"og:description\" content=\"D\u00e9couvrez l\u2019histoire, la mission et les valeurs du Zoo sauvage de Saint\u2011F\u00e9licien.\" \/>\n<meta property=\"og:url\" content=\"https:\/\/zoo.turbuweb.com\/en\/a-propos\/\" \/>\n<meta property=\"og:site_name\" content=\"Zoo sauvage de Saint-F\u00e9licien : Le parc animalier du Qu\u00e9bec\" \/>\n<meta property=\"article:modified_time\" content=\"2026-03-30T17:32:19+00:00\" \/>\n<meta name=\"twitter:card\" content=\"summary_large_image\" \/>\n<script type=\"application\/ld+json\" class=\"yoast-schema-graph\">{\"@context\":\"https:\/\/schema.org\",\"@graph\":[{\"@type\":\"WebPage\",\"@id\":\"https:\/\/zoo.turbuweb.com\/en\/a-propos\/\",\"url\":\"https:\/\/zoo.turbuweb.com\/en\/a-propos\/\",\"name\":\"\u00c0 propos | Zoo sauvage de Saint\u2011F\u00e9licien\",\"isPartOf\":{\"@id\":\"https:\/\/zoo.turbuweb.com\/en\/#website\"},\"datePublished\":\"2026-03-30T14:11:13+00:00\",\"dateModified\":\"2026-03-30T17:32:19+00:00\",\"description\":\"D\u00e9couvrez l\u2019histoire, la mission et les valeurs du Zoo sauvage de Saint\u2011F\u00e9licien.\",\"breadcrumb\":{\"@id\":\"https:\/\/zoo.turbuweb.com\/en\/a-propos\/#breadcrumb\"},\"inLanguage\":\"en-US\",\"potentialAction\":[{\"@type\":\"ReadAction\",\"target\":[\"https:\/\/zoo.turbuweb.com\/en\/a-propos\/\"]}]},{\"@type\":\"BreadcrumbList\",\"@id\":\"https:\/\/zoo.turbuweb.com\/en\/a-propos\/#breadcrumb\",\"itemListElement\":[{\"@type\":\"ListItem\",\"position\":1,\"name\":\"Home\",\"item\":\"https:\/\/zoo.turbuweb.com\/en\/\"},{\"@type\":\"ListItem\",\"position\":2,\"name\":\"EN &#8211; \u00c0 propos\"}]},{\"@type\":\"WebSite\",\"@id\":\"https:\/\/zoo.turbuweb.com\/en\/#website\",\"url\":\"https:\/\/zoo.turbuweb.com\/en\/\",\"name\":\"Zoo sauvage de Saint-F\u00e9licien : Le parc animalier du Qu\u00e9bec\",\"description\":\"\",\"potentialAction\":[{\"@type\":\"SearchAction\",\"target\":{\"@type\":\"EntryPoint\",\"urlTemplate\":\"https:\/\/zoo.turbuweb.com\/en\/?s={search_term_string}\"},\"query-input\":{\"@type\":\"PropertyValueSpecification\",\"valueRequired\":true,\"valueName\":\"search_term_string\"}}],\"inLanguage\":\"en-US\"}]}<\/script>\n<!-- \/ Yoast SEO plugin. -->","yoast_head_json":{"title":"\u00c0 propos | Zoo sauvage de Saint\u2011F\u00e9licien","description":"D\u00e9couvrez l\u2019histoire, la mission et les valeurs du Zoo sauvage de Saint\u2011F\u00e9licien.","robots":{"index":"noindex","follow":"follow","max-snippet":"max-snippet:-1","max-image-preview":"max-image-preview:large","max-video-preview":"max-video-preview:-1"},"og_locale":"en_US","og_type":"article","og_title":"\u00c0 propos | Zoo sauvage de Saint\u2011F\u00e9licien","og_description":"D\u00e9couvrez l\u2019histoire, la mission et les valeurs du Zoo sauvage de Saint\u2011F\u00e9licien.","og_url":"https:\/\/zoo.turbuweb.com\/en\/a-propos\/","og_site_name":"Zoo sauvage de Saint-F\u00e9licien : Le parc animalier du Qu\u00e9bec","article_modified_time":"2026-03-30T17:32:19+00:00","twitter_card":"summary_large_image","schema":{"@context":"https:\/\/schema.org","@graph":[{"@type":"WebPage","@id":"https:\/\/zoo.turbuweb.com\/en\/a-propos\/","url":"https:\/\/zoo.turbuweb.com\/en\/a-propos\/","name":"\u00c0 propos | Zoo sauvage de Saint\u2011F\u00e9licien","isPartOf":{"@id":"https:\/\/zoo.turbuweb.com\/en\/#website"},"datePublished":"2026-03-30T14:11:13+00:00","dateModified":"2026-03-30T17:32:19+00:00","description":"D\u00e9couvrez l\u2019histoire, la mission et les valeurs du Zoo sauvage de Saint\u2011F\u00e9licien.","breadcrumb":{"@id":"https:\/\/zoo.turbuweb.com\/en\/a-propos\/#breadcrumb"},"inLanguage":"en-US","potentialAction":[{"@type":"ReadAction","target":["https:\/\/zoo.turbuweb.com\/en\/a-propos\/"]}]},{"@type":"BreadcrumbList","@id":"https:\/\/zoo.turbuweb.com\/en\/a-propos\/#breadcrumb","itemListElement":[{"@type":"ListItem","position":1,"name":"Home","item":"https:\/\/zoo.turbuweb.com\/en\/"},{"@type":"ListItem","position":2,"name":"EN &#8211; \u00c0 propos"}]},{"@type":"WebSite","@id":"https:\/\/zoo.turbuweb.com\/en\/#website","url":"https:\/\/zoo.turbuweb.com\/en\/","name":"Zoo sauvage de Saint-F\u00e9licien : Le parc animalier du Qu\u00e9bec","description":"","potentialAction":[{"@type":"SearchAction","target":{"@type":"EntryPoint","urlTemplate":"https:\/\/zoo.turbuweb.com\/en\/?s={search_term_string}"},"query-input":{"@type":"PropertyValueSpecification","valueRequired":true,"valueName":"search_term_string"}}],"inLanguage":"en-US"}]}},"_links":{"self":[{"href":"https:\/\/zoo.turbuweb.com\/en\/wp-json\/wp\/v2\/pages\/2426","targetHints":{"allow":["GET"]}}],"collection":[{"href":"https:\/\/zoo.turbuweb.com\/en\/wp-json\/wp\/v2\/pages"}],"about":[{"href":"https:\/\/zoo.turbuweb.com\/en\/wp-json\/wp\/v2\/types\/page"}],"author":[{"embeddable":true,"href":"https:\/\/zoo.turbuweb.com\/en\/wp-json\/wp\/v2\/users\/1"}],"replies":[{"embeddable":true,"href":"https:\/\/zoo.turbuweb.com\/en\/wp-json\/wp\/v2\/comments?post=2426"}],"version-history":[{"count":9,"href":"https:\/\/zoo.turbuweb.com\/en\/wp-json\/wp\/v2\/pages\/2426\/revisions"}],"predecessor-version":[{"id":2471,"href":"https:\/\/zoo.turbuweb.com\/en\/wp-json\/wp\/v2\/pages\/2426\/revisions\/2471"}],"wp:attachment":[{"href":"https:\/\/zoo.turbuweb.com\/en\/wp-json\/wp\/v2\/media?parent=2426"}],"curies":[{"name":"wp","href":"https:\/\/api.w.org\/{rel}","templated":true}]}}